{"id":1045,"date":"2023-04-28T04:27:39","date_gmt":"2023-04-28T04:27:39","guid":{"rendered":"https:\/\/people.tmgroup.vn\/?page_id=1045"},"modified":"2025-03-21T17:37:04","modified_gmt":"2025-03-21T10:37:04","slug":"stories","status":"publish","type":"page","link":"https:\/\/people.tmgroup.vn\/vi\/stories\/","title":{"rendered":"C\u00e2u Chuy\u1ec7n TMG"},"content":{"rendered":"<div data-elementor-type=\"wp-page\" data-elementor-id=\"1045\" class=\"elementor elementor-1045\" data-elementor-post-type=\"page\">\n\t\t\t\t\t\t<section class=\"elementor-section elementor-top-section elementor-element elementor-element-3c3a76f elementor-section-boxed elementor-section-height-default elementor-section-height-default\" data-id=\"3c3a76f\" data-element_type=\"section\" data-settings=\"{&quot;background_background&quot;:&quot;classic&quot;,&quot;jet_parallax_layout_list&quot;:[]}\">\n\t\t\t\t\t\t\t<div class=\"elementor-background-overlay\"><\/div>\n\t\t\t\t\t\t\t<div class=\"elementor-container elementor-column-gap-default\">\n\t\t\t\t\t<div class=\"elementor-column elementor-col-100 elementor-top-column elementor-element elementor-element-1133baa\" data-id=\"1133baa\" data-element_type=\"column\">\n\t\t\t<div class=\"elementor-widget-wrap elementor-element-populated\">\n\t\t\t\t\t\t<div class=\"elementor-element elementor-element-c31debd elementor-invisible elementor-widget elementor-widget-heading\" data-id=\"c31debd\" data-element_type=\"widget\" data-settings=\"{&quot;_animation&quot;:&quot;fadeInUp&quot;}\" data-widget_type=\"heading.default\">\n\t\t\t\t<div class=\"elementor-widget-container\">\n\t\t\t<style>\/*! elementor - v3.21.0 - 20-05-2024 *\/\n.elementor-heading-title{padding:0;margin:0;line-height:1}.elementor-widget-heading .elementor-heading-title[class*=elementor-size-]>a{color:inherit;font-size:inherit;line-height:inherit}.elementor-widget-heading .elementor-heading-title.elementor-size-small{font-size:15px}.elementor-widget-heading .elementor-heading-title.elementor-size-medium{font-size:19px}.elementor-widget-heading .elementor-heading-title.elementor-size-large{font-size:29px}.elementor-widget-heading .elementor-heading-title.elementor-size-xl{font-size:39px}.elementor-widget-heading .elementor-heading-title.elementor-size-xxl{font-size:59px}<\/style><h1 class=\"elementor-heading-title elementor-size-default\">C\u00e2u Chuy\u1ec7n TMG<\/h1>\t\t<\/div>\n\t\t\t\t<\/div>\n\t\t\t\t<div class=\"elementor-element elementor-element-86ce5ca elementor-invisible elementor-widget elementor-widget-heading\" data-id=\"86ce5ca\" data-element_type=\"widget\" data-settings=\"{&quot;_animation&quot;:&quot;fadeInUp&quot;,&quot;_animation_delay&quot;:200}\" data-widget_type=\"heading.default\">\n\t\t\t\t<div class=\"elementor-widget-container\">\n\t\t\t<h6 class=\"elementor-heading-title elementor-size-default\">Ch\u00fang t\u00f4i l\u00e0 t\u1eadp \u0111o\u00e0n du l\u1ecbch h\u00e0ng \u0111\u1ea7u \u0110\u00f4ng Nam \u00c1, ho\u1ea1t \u0111\u1ed9ng v\u1edbi ph\u01b0\u01a1ng ch\u00e2m lu\u00f4n \u0111\u1eb7t kh\u00e1ch h\u00e0ng l\u00e0m trung t\u00e2m. Ch\u00fang t\u00f4i cung c\u1ea5p c\u00e1c d\u1ecbch v\u1ee5 tr\u1ecdn g\u00f3i v\u1ec1 du l\u1ecbch, l\u1eef h\u00e0nh, tr\u1ef1c tuy\u1ebfn v\u00e0 h\u00e0ng kh\u00f4ng. Tr\u1ea3i qua 30 n\u0103m h\u00ecnh th\u00e0nh v\u00e0 ph\u00e1t tri\u1ec3n, c\u00e1c gi\u00e1 tr\u1ecb v\u0103n h\u00f3a c\u1ed1t l\u00f5i c\u1ee7a TMG lu\u00f4n l\u00e0 ngu\u1ed3n c\u1ea3m h\u1ee9ng tuy\u1ec7t v\u1eddi cho TMGers v\u00e0 c\u1ea3 kh\u00e1ch h\u00e0ng c\u1ee7a ch\u00fang t\u00f4i. <\/h6>\t\t<\/div>\n\t\t\t\t<\/div>\n\t\t\t\t\t<\/div>\n\t\t<\/div>\n\t\t\t\t\t<\/div>\n\t\t<\/section>\n\t\t\t\t<section class=\"elementor-section elementor-top-section elementor-element elementor-element-c034485 elementor-section-boxed elementor-section-height-default elementor-section-height-default\" data-id=\"c034485\" data-element_type=\"section\" data-settings=\"{&quot;jet_parallax_layout_list&quot;:[]}\">\n\t\t\t\t\t\t<div class=\"elementor-container elementor-column-gap-default\">\n\t\t\t\t\t<div class=\"elementor-column elementor-col-100 elementor-top-column elementor-element elementor-element-e4cd6d7\" data-id=\"e4cd6d7\" data-element_type=\"column\">\n\t\t\t<div class=\"elementor-widget-wrap elementor-element-populated\">\n\t\t\t\t\t\t<div class=\"elementor-element elementor-element-c383cfc elementor-widget elementor-widget-shortcode\" data-id=\"c383cfc\" data-element_type=\"widget\" data-widget_type=\"shortcode.default\">\n\t\t\t\t<div class=\"elementor-widget-container\">\n\t\t\t\t\t<div class=\"elementor-shortcode\">\n            <div \n                class=\"elfsight-widget-facebook-feed elfsight-widget\" \n                data-elfsight-facebook-feed-options=\"%7B%22tokenType%22%3A%22page%22%2C%22userAccessToken%22%3A%22%22%2C%22userAccessTokenPagesScope%22%3A%22EAADQZAoJZBZBH0BO8CawiLGZBnX6mXusFZAUUF2ntmPXmM6ea6Q9ZAWxPcNQbD30ZCVaZABZCc8ZCsF6q03WrtZCgG0JVpFncz5ZBAlNnKoRlH40aesSGpjwhfU8rbJQ2edLRSZBmCCUZCcgR4gqydeIXyjkCIQkZAGqlpUtXFsYlR6tpcfn6n2ggQENSckNH3KIPkDEHCLaFmXiAyAahJP467y9L6dtJc0tkYgGKZC4jhse33yA21hi9kwnSICxbCJT2C8YAq8vrAZDZD%22%2C%22source%22%3A%22https%3A%5C%2F%5C%2Fwww.facebook.com%5C%2Felfsight%22%2C%22page%22%3A%7B%22name%22%3A%22Thien%20Minh%20Group%20-%20TMG%22%2C%22value%22%3A%221506417639592077%22%2C%22link%22%3A%22https%3A%5C%2F%5C%2Fwww.facebook.com%5C%2F1506417639592077%22%2C%22picture%22%3A%7B%22data%22%3A%7B%22height%22%3A50%2C%22is_silhouette%22%3Afalse%2C%22url%22%3A%22https%3A%5C%2F%5C%2Fscontent.fhan14-2.fna.fbcdn.net%5C%2Fv%5C%2Ft39.30808-1%5C%2F429662500_946106347189313_3673577154200630985_n.jpg%3Fstp%3Dcp0_dst-jpg_p50x50%26_nc_cat%3D100%26ccb%3D1-7%26_nc_sid%3D4da83f%26_nc_ohc%3DurJt1zKLCf4AX_kc44h%26_nc_ht%3Dscontent.fhan14-2.fna%26edm%3DAGaHXAAEAAAA%26oh%3D00_AfDI9MFnK51jPcSEu9A4KMDDl09c8UfgoYSuaccnElbJIA%26oe%3D65E64C3A%22%2C%22width%22%3A50%7D%7D%7D%2C%22pageAccessToken%22%3A%22EAADQZAoJZBZBH0BOZBzBsp2P7OTHo7wjuxF2UCjKJygYGeJNSw3lx4ZCyBIA0oXbLvA60rjBAvipPgeNMZCuZAfFMcTBAMKj5ZCDtdVIpiSL3AEt2XMmMMJbGd0F79vcq3GbZChnZC0xjIhBRYmOkWPPjTroZCN9pQ9CzLwM0Yi43ctvvTpVppAPfvJhJviZCFCiTJjc7ZBZBb1gCZBF3Yld2Rp%22%2C%22width%22%3A%22auto%22%2C%22height%22%3A%22auto%22%2C%22contentDivider%22%3Anull%2C%22headerVisible%22%3Atrue%2C%22headerParts%22%3A%5B%22likesCount%22%2C%22actions%22%2C%22picture%22%5D%2C%22headerActions%22%3A%5B%7B%22type%22%3A%22like%22%7D%2C%7B%22type%22%3A%22share%22%7D%5D%2C%22menuVisible%22%3Atrue%2C%22contentPostsVisible%22%3Atrue%2C%22contentPostsParts%22%3A%5B%22author%22%2C%22likesCount%22%2C%22commentsCount%22%2C%22sharesCount%22%2C%22shareButton%22%5D%2C%22contentPostsLimit%22%3A0%2C%22contentPhotosVisible%22%3Afalse%2C%22contentAlbumsVisible%22%3Atrue%2C%22contentVideosVisible%22%3Atrue%2C%22contentVideosParts%22%3A%5B%22description%22%2C%22likesCount%22%2C%22commentsCount%22%5D%2C%22contentEventsVisible%22%3Afalse%2C%22contentPopupParts%22%3A%5B%22author%22%2C%22likesCount%22%2C%22shareButton%22%2C%22comments%22%5D%2C%22lang%22%3A%22en%22%2C%22cacheTime%22%3A%223600%22%2C%22apiUrl%22%3A%22https%3A%5C%2F%5C%2Fpeople.tmgroup.vn%5C%2Fvi%5C%2Fwp-json%5C%2Felfsight-facebook-feed%5C%2Fapi%22%2C%22widgetId%22%3A%222%22%7D\" \n                data-elfsight-facebook-feed-version=\"1.15.0\"\n                data-elfsight-widget-id=\"elfsight-facebook-feed-2\">\n            <\/div>\n            <\/div>\n\t\t\t\t<\/div>\n\t\t\t\t<\/div>\n\t\t\t\t<div class=\"elementor-element elementor-element-ebe19de elementor-widget elementor-widget-html\" data-id=\"ebe19de\" data-element_type=\"widget\" data-widget_type=\"html.default\">\n\t\t\t\t<div class=\"elementor-widget-container\">\n\t\t\t<script>\n    document.addEventListener(\"DOMContentLoaded\", function() {\n    let fbProfilePicture = document.querySelector(\".eapps-facebook-feed-header-picture a\");\n\n    if (fbProfilePicture) {\n        fbProfilePicture.style.backgroundImage = \"url('https:\/\/people.tmgroup.vn\/wp-content\/uploads\/2025\/03\/avatar-fb.jpg')\";\n        console.log(\"\u1ea2nh n\u1ec1n Facebook \u0111\u00e3 \u0111\u01b0\u1ee3c thay \u0111\u1ed5i!\");\n    } else {\n        console.log(\"Kh\u00f4ng t\u00ecm th\u1ea5y ph\u1ea7n t\u1eed c\u1ea7n \u0111\u1ed5i \u1ea3nh.\");\n    }\n});\n<\/script>\n<script>\ndocument.addEventListener(\"DOMContentLoaded\", function() {\n    let newImageUrl = \"https:\/\/people.tmgroup.vn\/wp-content\/uploads\/2025\/03\/avatar-fb.jpg\";\n\n    function updateImages() {\n        let fbProfilePictures = document.querySelectorAll(\".eapps-facebook-feed-header-picture a\");\n        let fbAuthorPictures = document.querySelectorAll(\".eapps-facebook-feed-item-author-picture img\");\n\n        if (fbProfilePictures.length > 0) {\n            fbProfilePictures.forEach(picture => {\n                picture.style.backgroundImage = `url(\"${newImageUrl}\")`;\n            });\n            console.log(`\u0110\u00e3 c\u1eadp nh\u1eadt ${fbProfilePictures.length} \u1ea3nh n\u1ec1n Facebook!`);\n        }\n\n        if (fbAuthorPictures.length > 0) {\n            fbAuthorPictures.forEach(img => {\n                img.setAttribute(\"src\", newImageUrl);\n            });\n            console.log(`\u0110\u00e3 c\u1eadp nh\u1eadt ${fbAuthorPictures.length} \u1ea3nh t\u00e1c gi\u1ea3 Facebook!`);\n        }\n    }\n\n    \/\/ Ki\u1ec3m tra ban \u0111\u1ea7u n\u1ebfu ph\u1ea7n t\u1eed \u0111\u00e3 s\u1eb5n s\u00e0ng\n    updateImages();\n\n    \/\/ S\u1eed d\u1ee5ng MutationObserver \u0111\u1ec3 theo d\u00f5i khi n\u1ed9i dung Facebook feed xu\u1ea5t hi\u1ec7n\n    let observer = new MutationObserver(updateImages);\n    observer.observe(document.body, { childList: true, subtree: true });\n});\n<\/script>\t\t<\/div>\n\t\t\t\t<\/div>\n\t\t\t\t\t<\/div>\n\t\t<\/div>\n\t\t\t\t\t<\/div>\n\t\t<\/section>\n\t\t\t\t<\/div>","protected":false},"excerpt":{"rendered":"<p>We are Southeast Asia\u2019s leading customer-centric travel group, providing all-inclusive travel, hospitality, online and aviation services. Our great culture inspires TMGers and our clients over 29 years of establishment and&#46;&#46;&#46;<\/p>","protected":false},"author":1,"featured_media":0,"parent":0,"menu_order":0,"comment_status":"closed","ping_status":"closed","template":"elementor_header_footer","meta":{"footnotes":""},"class_list":["post-1045","page","type-page","status-publish","hentry"],"_links":{"self":[{"href":"https:\/\/people.tmgroup.vn\/vi\/wp-json\/wp\/v2\/pages\/1045","targetHints":{"allow":["GET"]}}],"collection":[{"href":"https:\/\/people.tmgroup.vn\/vi\/wp-json\/wp\/v2\/pages"}],"about":[{"href":"https:\/\/people.tmgroup.vn\/vi\/wp-json\/wp\/v2\/types\/page"}],"author":[{"embeddable":true,"href":"https:\/\/people.tmgroup.vn\/vi\/wp-json\/wp\/v2\/users\/1"}],"replies":[{"embeddable":true,"href":"https:\/\/people.tmgroup.vn\/vi\/wp-json\/wp\/v2\/comments?post=1045"}],"version-history":[{"count":28,"href":"https:\/\/people.tmgroup.vn\/vi\/wp-json\/wp\/v2\/pages\/1045\/revisions"}],"predecessor-version":[{"id":2530,"href":"https:\/\/people.tmgroup.vn\/vi\/wp-json\/wp\/v2\/pages\/1045\/revisions\/2530"}],"wp:attachment":[{"href":"https:\/\/people.tmgroup.vn\/vi\/wp-json\/wp\/v2\/media?parent=1045"}],"curies":[{"name":"wp","href":"https:\/\/api.w.org\/{rel}","templated":true}]}}